{"id":3659,"date":"2025-01-30T15:23:34","date_gmt":"2025-01-30T14:23:34","guid":{"rendered":"https:\/\/wealthapi.eu\/?page_id=3659"},"modified":"2025-01-30T15:33:49","modified_gmt":"2025-01-30T14:33:49","slug":"tool-portfoliotracker","status":"publish","type":"page","link":"https:\/\/wealthapi.eu\/en\/tool-portfoliotracker\/","title":{"rendered":"Tool: Portfoliotracker"},"content":{"rendered":"<div class=\"wpb-content-wrapper\"><p>[vc_row row_height_percent=&#8221;0&#8243; override_padding=&#8221;yes&#8221; h_padding=&#8221;2&#8243; top_padding=&#8221;5&#8243; bottom_padding=&#8221;4&#8243; overlay_alpha=&#8221;50&#8243; gutter_size=&#8221;4&#8243; column_width_percent=&#8221;100&#8243; shift_y=&#8221;0&#8243; z_index=&#8221;0&#8243; content_parallax=&#8221;0&#8243; uncode_shortcode_id=&#8221;120213&#8243;][vc_column column_width_percent=&#8221;100&#8243; gutter_size=&#8221;3&#8243; overlay_alpha=&#8221;50&#8243; shift_x=&#8221;0&#8243; shift_y=&#8221;0&#8243; shift_y_down=&#8221;0&#8243; z_index=&#8221;0&#8243; medium_width=&#8221;4&#8243; mobile_width=&#8221;0&#8243; width=&#8221;1\/2&#8243; el_class=&#8221;inverted-device-order&#8221;][vc_single_image media=&#8221;3670&#8243; media_width_percent=&#8221;100&#8243; media_ratio=&#8221;four-three&#8221; alignment=&#8221;right&#8221; shape=&#8221;img-round&#8221; radius=&#8221;lg&#8221; uncode_shortcode_id=&#8221;339045&#8243;][\/vc_column][vc_column column_width_percent=&#8221;100&#8243; position_horizontal=&#8221;left&#8221; position_vertical=&#8221;middle&#8221; gutter_size=&#8221;3&#8243; style=&#8221;dark&#8221; overlay_alpha=&#8221;50&#8243; shift_x=&#8221;0&#8243; shift_y=&#8221;0&#8243; shift_y_down=&#8221;0&#8243; z_index=&#8221;0&#8243; medium_width=&#8221;4&#8243; mobile_width=&#8221;0&#8243; width=&#8221;1\/2&#8243; uncode_shortcode_id=&#8221;830043&#8243;][vc_custom_heading text_color=&#8221;color-217939&#8243; heading_semantic=&#8221;p&#8221; text_font=&#8221;font-555555&#8243; text_size=&#8221;h4&#8243; uncode_shortcode_id=&#8221;622059&#8243; text_color_type=&#8221;uncode-palette&#8221;]wealthAPI tool: Portfolio Tracker[\/vc_custom_heading][vc_custom_heading text_color=&#8221;color-jevc&#8221; heading_semantic=&#8221;h1&#8243; text_size=&#8221;h1&#8243; uncode_shortcode_id=&#8221;424409&#8243; text_color_type=&#8221;uncode-palette&#8221;]Analyze. Optimize. Invest.[\/vc_custom_heading][vc_separator sep_color=&#8221;color-217939&#8243; uncode_shortcode_id=&#8221;548702&#8243; sep_color_type=&#8221;uncode-palette&#8221;][vc_column_text text_color=&#8221;color-jevc&#8221; uncode_shortcode_id=&#8221;146080&#8243; text_color_type=&#8221;uncode-palette&#8221;]The wealthAPI Portfolio Tracker allows for the automatic import and performance tracking of a wide range of investments. Additionally, customers can manually create virtual portfolios to explore investing in a risk-free environment.[\/vc_column_text][\/vc_column][\/vc_row][vc_row row_height_percent=&#8221;55&#8243; back_color=&#8221;color-183720&#8243; overlay_alpha=&#8221;50&#8243; gutter_size=&#8221;3&#8243; column_width_percent=&#8221;100&#8243; shift_y=&#8221;0&#8243; z_index=&#8221;0&#8243; content_parallax=&#8221;0&#8243; uncode_shortcode_id=&#8221;210757&#8243; css=&#8221;.vc_custom_1738231465776{margin-top: 50px !important;}&#8221; back_color_type=&#8221;uncode-palette&#8221;][vc_column column_width_percent=&#8221;100&#8243; position_vertical=&#8221;middle&#8221; gutter_size=&#8221;2&#8243; override_padding=&#8221;yes&#8221; column_padding=&#8221;1&#8243; overlay_alpha=&#8221;50&#8243; shift_x=&#8221;0&#8243; shift_y=&#8221;0&#8243; shift_y_down=&#8221;0&#8243; z_index=&#8221;0&#8243; medium_width=&#8221;0&#8243; mobile_width=&#8221;0&#8243; width=&#8221;1\/2&#8243; uncode_shortcode_id=&#8221;186982&#8243; css=&#8221;.vc_custom_1703164276833{padding-right: 25px !important;padding-left: 50px !important;}&#8221;][vc_custom_heading text_color=&#8221;color-135990&#8243; heading_semantic=&#8221;h4&#8243; text_size=&#8221;h4&#8243; uncode_shortcode_id=&#8221;213455&#8243; text_color_type=&#8221;uncode-palette&#8221;]wealthAPI Portfolio Tracking[\/vc_custom_heading][vc_custom_heading text_weight=&#8221;700&#8243; uncode_shortcode_id=&#8221;101583&#8243;]Functionalities[\/vc_custom_heading][vc_column_text uncode_shortcode_id=&#8221;158674&#8243; css=&#8221;.vc_custom_1737130899360{margin-bottom: 20px !important;}&#8221;]Empower your clients with the ability to perform in-depth portfolio analysis, whether for individual holdings or their entire portfolio. Our platform&#8217;s flexible filtering and grouping options &#8211; by region, sector, risk level, return, currency, and more &#8211; enable investors to gain a deeper understanding of their assets and make informed investment decisions. This provides them with valuable insights to optimize their investment strategy.[\/vc_column_text][\/vc_column][vc_column width=&#8221;1\/2&#8243;][vc_empty_space empty_h=&#8221;4&#8243;][vc_single_image media=&#8221;3675&#8243; media_width_percent=&#8221;100&#8243; alignment=&#8221;center&#8221; shape=&#8221;img-round&#8221; radius=&#8221;lg&#8221; uncode_shortcode_id=&#8221;166488&#8243; el_id=&#8221;dashboard&#8221;][\/vc_column][\/vc_row][vc_row row_height_percent=&#8221;55&#8243; override_padding=&#8221;yes&#8221; h_padding=&#8221;2&#8243; top_padding=&#8221;2&#8243; bottom_padding=&#8221;4&#8243; overlay_alpha=&#8221;50&#8243; gutter_size=&#8221;3&#8243; column_width_percent=&#8221;100&#8243; shift_y=&#8221;0&#8243; z_index=&#8221;0&#8243; content_parallax=&#8221;0&#8243; uncode_shortcode_id=&#8221;195868&#8243; css=&#8221;.vc_custom_1738231508368{margin-top: 50px !important;}&#8221;][vc_column column_width_percent=&#8221;100&#8243; position_vertical=&#8221;middle&#8221; gutter_size=&#8221;2&#8243; override_padding=&#8221;yes&#8221; column_padding=&#8221;1&#8243; overlay_alpha=&#8221;50&#8243; shift_x=&#8221;0&#8243; shift_y=&#8221;0&#8243; shift_y_down=&#8221;0&#8243; z_index=&#8221;0&#8243; medium_width=&#8221;0&#8243; mobile_width=&#8221;0&#8243; width=&#8221;1\/2&#8243; uncode_shortcode_id=&#8221;186982&#8243; css=&#8221;.vc_custom_1703164276833{padding-right: 25px !important;padding-left: 50px !important;}&#8221;][vc_single_image media=&#8221;3670&#8243; media_width_percent=&#8221;100&#8243; alignment=&#8221;center&#8221; shape=&#8221;img-round&#8221; radius=&#8221;lg&#8221; uncode_shortcode_id=&#8221;196158&#8243; el_id=&#8221;dashboard&#8221;][\/vc_column][vc_column width=&#8221;1\/2&#8243;][vc_custom_heading text_color=&#8221;color-135990&#8243; heading_semantic=&#8221;h4&#8243; text_size=&#8221;h4&#8243; uncode_shortcode_id=&#8221;141220&#8243; text_color_type=&#8221;uncode-palette&#8221;]Additional Functionalities[\/vc_custom_heading][vc_custom_heading text_weight=&#8221;700&#8243; uncode_shortcode_id=&#8221;799293&#8243;]Diverse import options, broad coverage and support for cryptocurrencies[\/vc_custom_heading][vc_column_text uncode_shortcode_id=&#8221;605614&#8243; css=&#8221;.vc_custom_1738242560949{margin-bottom: 20px !important;}&#8221;]Wir unterst\u00fctzen die Anzeige einer Vielzahl von Anlageklassen, darunter Aktien, ETFs, Fonds, Anleihen, Zertifikate, Edelmetalle, Fremdw\u00e4hrungen, Sachwerte\/Immobilien sowie Robo- und Verm\u00f6gensverwaltungen. Auch f\u00fcr den Bereich Kryptow\u00e4hrungen sind wir bestens aufgestellt: Wir liefern Krypto-Stammdaten, Logos und historische Krypto-Kurse.<\/p>\n<p>Der Import der Depots ist unkompliziert und flexibel m\u00f6glich: automatisch, manuell, per PDF oder CSV. Beim PDF-Import k\u00f6nnen unbegrenzt viele PDF-Dateien gleichzeitig hochgeladen werden, die pro Datei aus bis zu 99 Seiten bestehen k\u00f6nnen.[\/vc_column_text][\/vc_column][\/vc_row][vc_row row_height_percent=&#8221;0&#8243; override_padding=&#8221;yes&#8221; h_padding=&#8221;0&#8243; top_padding=&#8221;4&#8243; bottom_padding=&#8221;4&#8243; back_color=&#8221;color-183720&#8243; overlay_alpha=&#8221;50&#8243; gutter_size=&#8221;3&#8243; column_width_percent=&#8221;100&#8243; shift_y=&#8221;0&#8243; z_index=&#8221;0&#8243; content_parallax=&#8221;0&#8243; uncode_shortcode_id=&#8221;348486&#8243; back_color_type=&#8221;uncode-palette&#8221;][vc_column column_width_percent=&#8221;100&#8243; align_horizontal=&#8221;align_center&#8221; gutter_size=&#8221;1&#8243; overlay_alpha=&#8221;50&#8243; shift_x=&#8221;0&#8243; shift_y=&#8221;0&#8243; shift_y_down=&#8221;0&#8243; z_index=&#8221;0&#8243; medium_width=&#8221;0&#8243; mobile_width=&#8221;0&#8243; width=&#8221;1\/1&#8243; uncode_shortcode_id=&#8221;121691&#8243;][vc_custom_heading text_weight=&#8221;700&#8243; uncode_shortcode_id=&#8221;466706&#8243; subheading=&#8221;wealthAPI provides access to over 3,500 bank and broker connections. Direct connections with wealthAPI&#039;s proprietary interface exist to Trade Republic, Scalable Capital, flatex, finanzen.net zero, Smartbroker+, Bison, Binance, Kraken, and justTRADE.&#8221;]<span class=\"accent-text\">Best APIs to neo-banks<\/span>[\/vc_custom_heading][vc_empty_space empty_h=&#8221;2&#8243;][vc_single_image media=&#8221;3788&#8243; media_width_percent=&#8221;100&#8243; shape=&#8221;img-round&#8221; radius=&#8221;lg&#8221; css_animation=&#8221;top-t-bottom&#8221; animation_delay=&#8221;400&#8243; uncode_shortcode_id=&#8221;189804&#8243; media_link=&#8221;url:https%3A%2F%2Fwealthapi.eu%2Fverfuegbare-banken-broker%2F|title:Verf%C3%BCgbare%20Banken%2FBroker&#8221;][\/vc_column][\/vc_row][vc_row][vc_column width=&#8221;1\/1&#8243;][uncode_block id=&#8221;2889&#8243;][uncode_block id=&#8221;2818&#8243;][\/vc_column][\/vc_row][vc_row][vc_column width=&#8221;1\/1&#8243;][uncode_block id=&#8221;2844&#8243;][\/vc_column][\/vc_row][vc_row][vc_column width=&#8221;1\/1&#8243;][uncode_block id=&#8221;2025&#8243;][\/vc_column][\/vc_row]<\/p>\n<\/div>","protected":false},"excerpt":{"rendered":"<p>[vc_row row_height_percent=&#8221;0&#8243; override_padding=&#8221;yes&#8221; h_padding=&#8221;2&#8243; top_padding=&#8221;5&#8243; bottom_padding=&#8221;4&#8243; overlay_alpha=&#8221;50&#8243; gutter_size=&#8221;4&#8243; column_width_percent=&#8221;100&#8243; shift_y=&#8221;0&#8243; z_index=&#8221;0&#8243; content_parallax=&#8221;0&#8243; uncode_shortcode_id=&#8221;120213&#8243;][vc_column column_width_percent=&#8221;100&#8243; gutter_size=&#8221;3&#8243; overlay_alpha=&#8221;50&#8243; shift_x=&#8221;0&#8243; shift_y=&#8221;0&#8243; shift_y_down=&#8221;0&#8243; z_index=&#8221;0&#8243;&hellip; <a class=\"continue\" href=\"https:\/\/wealthapi.eu\/en\/tool-portfoliotracker\/\">Continue Reading<span> Tool: Portfoliotracker<\/span><\/a><\/p>\n","protected":false},"author":2,"featured_media":693,"parent":0,"menu_order":0,"comment_status":"closed","ping_status":"closed","template":"","meta":{"inline_featured_image":false,"_monsterinsights_skip_tracking":false,"_monsterinsights_sitenote_active":false,"_monsterinsights_sitenote_note":"","_monsterinsights_sitenote_category":0,"footnotes":""},"class_list":["post-3659","page","type-page","status-publish","has-post-thumbnail","hentry"],"yoast_head":"<!-- This site is optimized with the Yoast SEO plugin v27.3 - https:\/\/yoast.com\/product\/yoast-seo-wordpress\/ -->\n<title>wealthAPI tool portfolio tracker<\/title>\n<meta name=\"description\" content=\"Import a variety of investments into the budget planner and track their performance with the wealthAPI Portfolio Tracker.\" \/>\n<meta name=\"robots\" content=\"index, follow, max-snippet:-1, max-image-preview:large, max-video-preview:-1\" \/>\n<link rel=\"canonical\" href=\"https:\/\/wealthapi.eu\/en\/tool-portfoliotracker\/\" \/>\n<meta property=\"og:locale\" content=\"en_US\" \/>\n<meta property=\"og:type\" content=\"article\" \/>\n<meta property=\"og:title\" content=\"wealthAPI tool portfolio tracker\" \/>\n<meta property=\"og:description\" content=\"Import a variety of investments into the budget planner and track their performance with the wealthAPI Portfolio Tracker.\" \/>\n<meta property=\"og:url\" content=\"https:\/\/wealthapi.eu\/en\/tool-portfoliotracker\/\" \/>\n<meta property=\"og:site_name\" content=\"wealthAPI - Smart Financial Decisions\" \/>\n<meta property=\"article:modified_time\" content=\"2025-01-30T14:33:49+00:00\" \/>\n<meta property=\"og:image\" content=\"https:\/\/wealthapi.eu\/wp-content\/uploads\/2024\/06\/C6W8p2XnRfGwolwDLca_PQ-300x300.webp\" \/>\n<meta name=\"twitter:card\" content=\"summary_large_image\" \/>\n<meta name=\"twitter:label1\" content=\"Est. reading time\" \/>\n\t<meta name=\"twitter:data1\" content=\"4 minutes\" \/>\n<script type=\"application\/ld+json\" class=\"yoast-schema-graph\">{\"@context\":\"https:\\\/\\\/schema.org\",\"@graph\":[{\"@type\":\"WebPage\",\"@id\":\"https:\\\/\\\/wealthapi.eu\\\/en\\\/tool-portfoliotracker\\\/\",\"url\":\"https:\\\/\\\/wealthapi.eu\\\/en\\\/tool-portfoliotracker\\\/\",\"name\":\"wealthAPI tool portfolio tracker\",\"isPartOf\":{\"@id\":\"https:\\\/\\\/wealthapi.eu\\\/en\\\/#website\"},\"primaryImageOfPage\":{\"@id\":\"https:\\\/\\\/wealthapi.eu\\\/en\\\/tool-portfoliotracker\\\/#primaryimage\"},\"image\":{\"@id\":\"https:\\\/\\\/wealthapi.eu\\\/en\\\/tool-portfoliotracker\\\/#primaryimage\"},\"thumbnailUrl\":\"https:\\\/\\\/wealthapi.eu\\\/wp-content\\\/uploads\\\/2024\\\/01\\\/wealthAPI-1000x1000-1.jpg\",\"datePublished\":\"2025-01-30T14:23:34+00:00\",\"dateModified\":\"2025-01-30T14:33:49+00:00\",\"description\":\"Import a variety of investments into the budget planner and track their performance with the wealthAPI Portfolio Tracker.\",\"breadcrumb\":{\"@id\":\"https:\\\/\\\/wealthapi.eu\\\/en\\\/tool-portfoliotracker\\\/#breadcrumb\"},\"inLanguage\":\"en-US\",\"potentialAction\":[{\"@type\":\"ReadAction\",\"target\":[\"https:\\\/\\\/wealthapi.eu\\\/en\\\/tool-portfoliotracker\\\/\"]}]},{\"@type\":\"ImageObject\",\"inLanguage\":\"en-US\",\"@id\":\"https:\\\/\\\/wealthapi.eu\\\/en\\\/tool-portfoliotracker\\\/#primaryimage\",\"url\":\"https:\\\/\\\/wealthapi.eu\\\/wp-content\\\/uploads\\\/2024\\\/01\\\/wealthAPI-1000x1000-1.jpg\",\"contentUrl\":\"https:\\\/\\\/wealthapi.eu\\\/wp-content\\\/uploads\\\/2024\\\/01\\\/wealthAPI-1000x1000-1.jpg\",\"width\":1000,\"height\":1000,\"caption\":\"wealthAPI-Logo\"},{\"@type\":\"BreadcrumbList\",\"@id\":\"https:\\\/\\\/wealthapi.eu\\\/en\\\/tool-portfoliotracker\\\/#breadcrumb\",\"itemListElement\":[{\"@type\":\"ListItem\",\"position\":1,\"name\":\"Home\",\"item\":\"https:\\\/\\\/wealthapi.eu\\\/en\\\/\"},{\"@type\":\"ListItem\",\"position\":2,\"name\":\"Tool: Portfoliotracker\"}]},{\"@type\":\"WebSite\",\"@id\":\"https:\\\/\\\/wealthapi.eu\\\/en\\\/#website\",\"url\":\"https:\\\/\\\/wealthapi.eu\\\/en\\\/\",\"name\":\"wealthapi\",\"description\":\"\",\"publisher\":{\"@id\":\"https:\\\/\\\/wealthapi.eu\\\/en\\\/#organization\"},\"potentialAction\":[{\"@type\":\"SearchAction\",\"target\":{\"@type\":\"EntryPoint\",\"urlTemplate\":\"https:\\\/\\\/wealthapi.eu\\\/en\\\/?s={search_term_string}\"},\"query-input\":{\"@type\":\"PropertyValueSpecification\",\"valueRequired\":true,\"valueName\":\"search_term_string\"}}],\"inLanguage\":\"en-US\"},{\"@type\":\"Organization\",\"@id\":\"https:\\\/\\\/wealthapi.eu\\\/en\\\/#organization\",\"name\":\"wealthAPI GmbH\",\"alternateName\":\"wealthAPI\",\"url\":\"https:\\\/\\\/wealthapi.eu\\\/en\\\/\",\"logo\":{\"@type\":\"ImageObject\",\"inLanguage\":\"en-US\",\"@id\":\"https:\\\/\\\/wealthapi.eu\\\/en\\\/#\\\/schema\\\/logo\\\/image\\\/\",\"url\":\"https:\\\/\\\/wealthapi.eu\\\/wp-content\\\/uploads\\\/2024\\\/01\\\/wealthAPI-1000x1000-1.jpg\",\"contentUrl\":\"https:\\\/\\\/wealthapi.eu\\\/wp-content\\\/uploads\\\/2024\\\/01\\\/wealthAPI-1000x1000-1.jpg\",\"width\":1000,\"height\":1000,\"caption\":\"wealthAPI GmbH\"},\"image\":{\"@id\":\"https:\\\/\\\/wealthapi.eu\\\/en\\\/#\\\/schema\\\/logo\\\/image\\\/\"},\"sameAs\":[\"https:\\\/\\\/www.linkedin.com\\\/company\\\/wealthapi\\\/\"]}]}<\/script>\n<!-- \/ Yoast SEO plugin. -->","yoast_head_json":{"title":"wealthAPI tool portfolio tracker","description":"Import a variety of investments into the budget planner and track their performance with the wealthAPI Portfolio Tracker.","robots":{"index":"index","follow":"follow","max-snippet":"max-snippet:-1","max-image-preview":"max-image-preview:large","max-video-preview":"max-video-preview:-1"},"canonical":"https:\/\/wealthapi.eu\/en\/tool-portfoliotracker\/","og_locale":"en_US","og_type":"article","og_title":"wealthAPI tool portfolio tracker","og_description":"Import a variety of investments into the budget planner and track their performance with the wealthAPI Portfolio Tracker.","og_url":"https:\/\/wealthapi.eu\/en\/tool-portfoliotracker\/","og_site_name":"wealthAPI - Smart Financial Decisions","article_modified_time":"2025-01-30T14:33:49+00:00","og_image":[{"url":"https:\/\/wealthapi.eu\/wp-content\/uploads\/2024\/06\/C6W8p2XnRfGwolwDLca_PQ-300x300.webp","type":"","width":"","height":""}],"twitter_card":"summary_large_image","twitter_misc":{"Est. reading time":"4 minutes"},"schema":{"@context":"https:\/\/schema.org","@graph":[{"@type":"WebPage","@id":"https:\/\/wealthapi.eu\/en\/tool-portfoliotracker\/","url":"https:\/\/wealthapi.eu\/en\/tool-portfoliotracker\/","name":"wealthAPI tool portfolio tracker","isPartOf":{"@id":"https:\/\/wealthapi.eu\/en\/#website"},"primaryImageOfPage":{"@id":"https:\/\/wealthapi.eu\/en\/tool-portfoliotracker\/#primaryimage"},"image":{"@id":"https:\/\/wealthapi.eu\/en\/tool-portfoliotracker\/#primaryimage"},"thumbnailUrl":"https:\/\/wealthapi.eu\/wp-content\/uploads\/2024\/01\/wealthAPI-1000x1000-1.jpg","datePublished":"2025-01-30T14:23:34+00:00","dateModified":"2025-01-30T14:33:49+00:00","description":"Import a variety of investments into the budget planner and track their performance with the wealthAPI Portfolio Tracker.","breadcrumb":{"@id":"https:\/\/wealthapi.eu\/en\/tool-portfoliotracker\/#breadcrumb"},"inLanguage":"en-US","potentialAction":[{"@type":"ReadAction","target":["https:\/\/wealthapi.eu\/en\/tool-portfoliotracker\/"]}]},{"@type":"ImageObject","inLanguage":"en-US","@id":"https:\/\/wealthapi.eu\/en\/tool-portfoliotracker\/#primaryimage","url":"https:\/\/wealthapi.eu\/wp-content\/uploads\/2024\/01\/wealthAPI-1000x1000-1.jpg","contentUrl":"https:\/\/wealthapi.eu\/wp-content\/uploads\/2024\/01\/wealthAPI-1000x1000-1.jpg","width":1000,"height":1000,"caption":"wealthAPI-Logo"},{"@type":"BreadcrumbList","@id":"https:\/\/wealthapi.eu\/en\/tool-portfoliotracker\/#breadcrumb","itemListElement":[{"@type":"ListItem","position":1,"name":"Home","item":"https:\/\/wealthapi.eu\/en\/"},{"@type":"ListItem","position":2,"name":"Tool: Portfoliotracker"}]},{"@type":"WebSite","@id":"https:\/\/wealthapi.eu\/en\/#website","url":"https:\/\/wealthapi.eu\/en\/","name":"wealthapi","description":"","publisher":{"@id":"https:\/\/wealthapi.eu\/en\/#organization"},"potentialAction":[{"@type":"SearchAction","target":{"@type":"EntryPoint","urlTemplate":"https:\/\/wealthapi.eu\/en\/?s={search_term_string}"},"query-input":{"@type":"PropertyValueSpecification","valueRequired":true,"valueName":"search_term_string"}}],"inLanguage":"en-US"},{"@type":"Organization","@id":"https:\/\/wealthapi.eu\/en\/#organization","name":"wealthAPI GmbH","alternateName":"wealthAPI","url":"https:\/\/wealthapi.eu\/en\/","logo":{"@type":"ImageObject","inLanguage":"en-US","@id":"https:\/\/wealthapi.eu\/en\/#\/schema\/logo\/image\/","url":"https:\/\/wealthapi.eu\/wp-content\/uploads\/2024\/01\/wealthAPI-1000x1000-1.jpg","contentUrl":"https:\/\/wealthapi.eu\/wp-content\/uploads\/2024\/01\/wealthAPI-1000x1000-1.jpg","width":1000,"height":1000,"caption":"wealthAPI GmbH"},"image":{"@id":"https:\/\/wealthapi.eu\/en\/#\/schema\/logo\/image\/"},"sameAs":["https:\/\/www.linkedin.com\/company\/wealthapi\/"]}]}},"_links":{"self":[{"href":"https:\/\/wealthapi.eu\/en\/wp-json\/wp\/v2\/pages\/3659","targetHints":{"allow":["GET"]}}],"collection":[{"href":"https:\/\/wealthapi.eu\/en\/wp-json\/wp\/v2\/pages"}],"about":[{"href":"https:\/\/wealthapi.eu\/en\/wp-json\/wp\/v2\/types\/page"}],"author":[{"embeddable":true,"href":"https:\/\/wealthapi.eu\/en\/wp-json\/wp\/v2\/users\/2"}],"replies":[{"embeddable":true,"href":"https:\/\/wealthapi.eu\/en\/wp-json\/wp\/v2\/comments?post=3659"}],"version-history":[{"count":5,"href":"https:\/\/wealthapi.eu\/en\/wp-json\/wp\/v2\/pages\/3659\/revisions"}],"predecessor-version":[{"id":3800,"href":"https:\/\/wealthapi.eu\/en\/wp-json\/wp\/v2\/pages\/3659\/revisions\/3800"}],"wp:featuredmedia":[{"embeddable":true,"href":"https:\/\/wealthapi.eu\/en\/wp-json\/wp\/v2\/media\/693"}],"wp:attachment":[{"href":"https:\/\/wealthapi.eu\/en\/wp-json\/wp\/v2\/media?parent=3659"}],"curies":[{"name":"wp","href":"https:\/\/api.w.org\/{rel}","templated":true}]}}